{"id":576,"date":"2020-03-07T21:12:37","date_gmt":"2020-03-07T19:12:37","guid":{"rendered":"https:\/\/feeder.md\/?post_type=product&#038;p=576"},"modified":"2023-12-30T15:20:08","modified_gmt":"2023-12-30T13:20:08","slug":"platica-babusca","status":"publish","type":"product","link":"https:\/\/feeder.md\/ru\/product\/platica-babusca\/","title":{"rendered":"Platica-Babusca clasic"},"content":{"rendered":"<p>Este o nada pe baza de proteina vegetala cu o arom\u0103 de coriandru \u0219i culoare neagr\u0103. Pestii \u021bint\u0103 pl\u0103tic\u0103, babu\u0219c\u0103, oblete, moruna\u0219, scobar, crap, caras etc. Pescuit \u00een lacuri \u0219i r\u00eeuri cu curent slab \u0219i mediu. Este o nada mai activa ce atrage mai repede pestele de toate dimensiunile..<\/p>\n","protected":false},"excerpt":{"rendered":"<p>Este o nada pe baza de proteina vegetala cu o arom\u0103 de coriandru \u0219i culoare neagr\u0103. Pestii \u021bint\u0103 pl\u0103tic\u0103, babu\u0219c\u0103, oblete, moruna\u0219, scobar, crap, caras etc. Pescuit \u00een lacuri \u0219i r\u00eeuri cu curent slab \u0219i mediu. Este o nada mai activa ce atrage mai repede pestele de toate dimensiunile..<\/p>\n","protected":false},"featured_media":658,"template":"","meta":[],"product_cat":[88,80,38],"product_tag":[],"_links":{"self":[{"href":"https:\/\/feeder.md\/ru\/wp-json\/wp\/v2\/product\/576"}],"collection":[{"href":"https:\/\/feeder.md\/ru\/wp-json\/wp\/v2\/product"}],"about":[{"href":"https:\/\/feeder.md\/ru\/wp-json\/wp\/v2\/types\/product"}],"wp:featuredmedia":[{"embeddable":true,"href":"https:\/\/feeder.md\/ru\/wp-json\/wp\/v2\/media\/658"}],"wp:attachment":[{"href":"https:\/\/feeder.md\/ru\/wp-json\/wp\/v2\/media?parent=576"}],"wp:term":[{"taxonomy":"product_cat","embeddable":true,"href":"https:\/\/feeder.md\/ru\/wp-json\/wp\/v2\/product_cat?post=576"},{"taxonomy":"product_tag","embeddable":true,"href":"https:\/\/feeder.md\/ru\/wp-json\/wp\/v2\/product_tag?post=576"}],"curies":[{"name":"wp","href":"https:\/\/api.w.org\/{rel}","templated":true}]}}