{"id":599,"date":"2020-03-07T22:22:18","date_gmt":"2020-03-07T20:22:18","guid":{"rendered":"https:\/\/feeder.md\/?post_type=product&#038;p=599"},"modified":"2023-12-30T15:11:12","modified_gmt":"2023-12-30T13:11:12","slug":"iarna-negru-clasic","status":"publish","type":"product","link":"https:\/\/feeder.md\/ru\/product\/iarna-negru-clasic\/","title":{"rendered":"IARNA"},"content":{"rendered":"<p>Este o nada pe baza de proteina vegetala destinata pentru pescuit la feeder clasic, cosulet, cu o arom\u0103 dulce si culoate neagr\u0103. Pestii \u021bint\u0103 pl\u0103tic\u0103, crap, caras, babu\u0219c\u0103, moruna\u0219, scobar etc. Pescuit \u00een lacuri \u0219i r\u00eeuri cu curent slab \u0219i mediu. \u00cen stare umectat\u0103 este rezistent\u0103 la temperaturi sc\u0103zute iana p\u00een\u0103 la -10 grade.<\/p>\n","protected":false},"excerpt":{"rendered":"<p>Este o nada pe baza de proteina vegetala destinata pentru pescuit la feeder clasic, cosulet, cu o arom\u0103 dulce si culoate neagr\u0103. Pestii \u021bint\u0103 pl\u0103tic\u0103, crap, caras, babu\u0219c\u0103, moruna\u0219, scobar etc. Pescuit \u00een lacuri \u0219i r\u00eeuri cu curent slab \u0219i mediu. \u00cen stare umectat\u0103 este rezistent\u0103 la temperaturi sc\u0103zute iana p\u00een\u0103 la -10 grade.<\/p>\n","protected":false},"featured_media":655,"template":"","meta":[],"product_cat":[88,80,38],"product_tag":[],"_links":{"self":[{"href":"https:\/\/feeder.md\/ru\/wp-json\/wp\/v2\/product\/599"}],"collection":[{"href":"https:\/\/feeder.md\/ru\/wp-json\/wp\/v2\/product"}],"about":[{"href":"https:\/\/feeder.md\/ru\/wp-json\/wp\/v2\/types\/product"}],"wp:featuredmedia":[{"embeddable":true,"href":"https:\/\/feeder.md\/ru\/wp-json\/wp\/v2\/media\/655"}],"wp:attachment":[{"href":"https:\/\/feeder.md\/ru\/wp-json\/wp\/v2\/media?parent=599"}],"wp:term":[{"taxonomy":"product_cat","embeddable":true,"href":"https:\/\/feeder.md\/ru\/wp-json\/wp\/v2\/product_cat?post=599"},{"taxonomy":"product_tag","embeddable":true,"href":"https:\/\/feeder.md\/ru\/wp-json\/wp\/v2\/product_tag?post=599"}],"curies":[{"name":"wp","href":"https:\/\/api.w.org\/{rel}","templated":true}]}}