{"id":608,"date":"2020-03-07T22:30:07","date_gmt":"2020-03-07T20:30:07","guid":{"rendered":"https:\/\/feeder.md\/?post_type=product&#038;p=608"},"modified":"2023-12-30T15:08:09","modified_gmt":"2023-12-30T13:08:09","slug":"ciocolata-clasic","status":"publish","type":"product","link":"https:\/\/feeder.md\/ru\/product\/ciocolata-clasic\/","title":{"rendered":"CIOCOLATA"},"content":{"rendered":"<p>Este o nada pe baza de proteina vegetala cu o arom\u0103 de ciocolata si culoate cafenie. Pestii \u021bint\u0103 pl\u0103tic\u0103, crap, caras, moruna\u0219, scobar etc. Pescuit \u00een lacuri \u0219i r\u00eeuri cu curent mediu si puternic.<\/p>\n","protected":false},"excerpt":{"rendered":"<p>Este o nada pe baza de proteina vegetala cu o arom\u0103 de ciocolata si culoate cafenie. Pestii \u021bint\u0103 pl\u0103tic\u0103, crap, caras, moruna\u0219, scobar etc. Pescuit \u00een lacuri \u0219i r\u00eeuri cu curent mediu si puternic.<\/p>\n","protected":false},"featured_media":689,"template":"","meta":[],"product_cat":[80,38],"product_tag":[],"_links":{"self":[{"href":"https:\/\/feeder.md\/ru\/wp-json\/wp\/v2\/product\/608"}],"collection":[{"href":"https:\/\/feeder.md\/ru\/wp-json\/wp\/v2\/product"}],"about":[{"href":"https:\/\/feeder.md\/ru\/wp-json\/wp\/v2\/types\/product"}],"wp:featuredmedia":[{"embeddable":true,"href":"https:\/\/feeder.md\/ru\/wp-json\/wp\/v2\/media\/689"}],"wp:attachment":[{"href":"https:\/\/feeder.md\/ru\/wp-json\/wp\/v2\/media?parent=608"}],"wp:term":[{"taxonomy":"product_cat","embeddable":true,"href":"https:\/\/feeder.md\/ru\/wp-json\/wp\/v2\/product_cat?post=608"},{"taxonomy":"product_tag","embeddable":true,"href":"https:\/\/feeder.md\/ru\/wp-json\/wp\/v2\/product_tag?post=608"}],"curies":[{"name":"wp","href":"https:\/\/api.w.org\/{rel}","templated":true}]}}