{"id":611,"date":"2020-03-07T22:31:19","date_gmt":"2020-03-07T20:31:19","guid":{"rendered":"https:\/\/feeder.md\/?post_type=product&#038;p=611"},"modified":"2023-12-30T15:07:13","modified_gmt":"2023-12-30T13:07:13","slug":"caramel-clasic","status":"publish","type":"product","link":"https:\/\/feeder.md\/ru\/product\/caramel-clasic\/","title":{"rendered":"CARAMEL"},"content":{"rendered":"<p>Este o nada pe baza de proteina vegetala cu o arom\u0103 dulce de caramela si culoate neagr\u0103. Pestii \u021bint\u0103 pl\u0103tic\u0103, crap, caras, moruna\u0219, scobar etc. Pescuit \u00een lacuri \u0219i r\u00eeuri cu curent mediu si puternic.<\/p>\n","protected":false},"excerpt":{"rendered":"<p>Este o nada pe baza de proteina vegetala cu o arom\u0103 dulce de caramela si culoate neagr\u0103. Pestii \u021bint\u0103 pl\u0103tic\u0103, crap, caras, moruna\u0219, scobar etc. Pescuit \u00een lacuri \u0219i r\u00eeuri cu curent mediu si puternic.<\/p>\n","protected":false},"featured_media":686,"template":"","meta":[],"product_cat":[80,38],"product_tag":[],"_links":{"self":[{"href":"https:\/\/feeder.md\/ru\/wp-json\/wp\/v2\/product\/611"}],"collection":[{"href":"https:\/\/feeder.md\/ru\/wp-json\/wp\/v2\/product"}],"about":[{"href":"https:\/\/feeder.md\/ru\/wp-json\/wp\/v2\/types\/product"}],"wp:featuredmedia":[{"embeddable":true,"href":"https:\/\/feeder.md\/ru\/wp-json\/wp\/v2\/media\/686"}],"wp:attachment":[{"href":"https:\/\/feeder.md\/ru\/wp-json\/wp\/v2\/media?parent=611"}],"wp:term":[{"taxonomy":"product_cat","embeddable":true,"href":"https:\/\/feeder.md\/ru\/wp-json\/wp\/v2\/product_cat?post=611"},{"taxonomy":"product_tag","embeddable":true,"href":"https:\/\/feeder.md\/ru\/wp-json\/wp\/v2\/product_tag?post=611"}],"curies":[{"name":"wp","href":"https:\/\/api.w.org\/{rel}","templated":true}]}}