{"id":613,"date":"2020-03-07T22:32:54","date_gmt":"2020-03-07T20:32:54","guid":{"rendered":"https:\/\/feeder.md\/?post_type=product&#038;p=613"},"modified":"2023-12-30T15:06:24","modified_gmt":"2023-12-30T13:06:24","slug":"platica-clasic","status":"publish","type":"product","link":"https:\/\/feeder.md\/ru\/product\/platica-clasic\/","title":{"rendered":"Platica"},"content":{"rendered":"<p>Este o nada pe baza de proteina vegetala cu o arom\u0103 picanta de scortisoara si culoate neagr\u0103. Pestii \u021bint\u0103 pl\u0103tic\u0103, crap, caras, moruna\u0219, scobar etc. Pescuit \u00een lacuri \u0219i r\u00eeuri cu curent mediu si puternic.<\/p>\n","protected":false},"excerpt":{"rendered":"<p>Este o nada pe baza de proteina vegetala cu o arom\u0103 picanta de scortisoara si culoate neagr\u0103. Pestii \u021bint\u0103 pl\u0103tic\u0103, crap, caras, moruna\u0219, scobar etc. Pescuit \u00een lacuri \u0219i r\u00eeuri cu curent mediu si puternic.<\/p>\n","protected":false},"featured_media":685,"template":"","meta":[],"product_cat":[88,80,38],"product_tag":[],"_links":{"self":[{"href":"https:\/\/feeder.md\/ru\/wp-json\/wp\/v2\/product\/613"}],"collection":[{"href":"https:\/\/feeder.md\/ru\/wp-json\/wp\/v2\/product"}],"about":[{"href":"https:\/\/feeder.md\/ru\/wp-json\/wp\/v2\/types\/product"}],"wp:featuredmedia":[{"embeddable":true,"href":"https:\/\/feeder.md\/ru\/wp-json\/wp\/v2\/media\/685"}],"wp:attachment":[{"href":"https:\/\/feeder.md\/ru\/wp-json\/wp\/v2\/media?parent=613"}],"wp:term":[{"taxonomy":"product_cat","embeddable":true,"href":"https:\/\/feeder.md\/ru\/wp-json\/wp\/v2\/product_cat?post=613"},{"taxonomy":"product_tag","embeddable":true,"href":"https:\/\/feeder.md\/ru\/wp-json\/wp\/v2\/product_tag?post=613"}],"curies":[{"name":"wp","href":"https:\/\/api.w.org\/{rel}","templated":true}]}}