{"id":659,"date":"2021-11-29T21:22:13","date_gmt":"2021-11-29T19:22:13","guid":{"rendered":"https:\/\/feeder.md\/?post_type=product&#038;p=659"},"modified":"2023-12-30T14:59:47","modified_gmt":"2023-12-30T12:59:47","slug":"migdale-clasic","status":"publish","type":"product","link":"https:\/\/feeder.md\/ru\/product\/migdale-clasic\/","title":{"rendered":"MIGDALE"},"content":{"rendered":"<p>Este o nada pe baza de proteina vegetala destinata pentru pescuit l feeder clasic, cosulet, cu o arom\u0103 de migdale \u0219i culoare ro\u0219ie. Pestii \u021bint\u0103 babu\u0219c\u0103, oblete, moruna\u0219, scobar, pl\u0103tic\u0103, crap, caras etc. Pescuit \u00een lacuri \u0219i r\u00eeuri cu curent slab \u0219i mediu. Este o nada de activitate medie. Rezistent\u0103 la \u00eenghe\u021b de -5 grade.<\/p>\n","protected":false},"excerpt":{"rendered":"<p>Este o nada pe baza de proteina vegetala destinata pentru pescuit l feeder clasic, cosulet, cu o arom\u0103 de migdale \u0219i culoare ro\u0219ie. Pestii \u021bint\u0103 babu\u0219c\u0103, oblete, moruna\u0219, scobar, pl\u0103tic\u0103, crap, caras etc. Pescuit \u00een lacuri \u0219i r\u00eeuri cu curent slab \u0219i mediu. Este o nada de activitate medie. Rezistent\u0103 la \u00eenghe\u021b de -5 grade.<\/p>\n","protected":false},"featured_media":660,"template":"","meta":[],"product_cat":[88,80,38],"product_tag":[],"_links":{"self":[{"href":"https:\/\/feeder.md\/ru\/wp-json\/wp\/v2\/product\/659"}],"collection":[{"href":"https:\/\/feeder.md\/ru\/wp-json\/wp\/v2\/product"}],"about":[{"href":"https:\/\/feeder.md\/ru\/wp-json\/wp\/v2\/types\/product"}],"wp:featuredmedia":[{"embeddable":true,"href":"https:\/\/feeder.md\/ru\/wp-json\/wp\/v2\/media\/660"}],"wp:attachment":[{"href":"https:\/\/feeder.md\/ru\/wp-json\/wp\/v2\/media?parent=659"}],"wp:term":[{"taxonomy":"product_cat","embeddable":true,"href":"https:\/\/feeder.md\/ru\/wp-json\/wp\/v2\/product_cat?post=659"},{"taxonomy":"product_tag","embeddable":true,"href":"https:\/\/feeder.md\/ru\/wp-json\/wp\/v2\/product_tag?post=659"}],"curies":[{"name":"wp","href":"https:\/\/api.w.org\/{rel}","templated":true}]}}