{"id":699,"date":"2022-03-23T22:11:28","date_gmt":"2022-03-23T20:11:28","guid":{"rendered":"https:\/\/feeder.md\/?post_type=product&#038;p=699"},"modified":"2023-12-30T14:55:13","modified_gmt":"2023-12-30T12:55:13","slug":"original-method-feeder","status":"publish","type":"product","link":"https:\/\/feeder.md\/ru\/product\/original-method-feeder\/","title":{"rendered":"ORIGINAL method feeder"},"content":{"rendered":"<p>Este o nada pe baza de proteina vegetala destinata pentru pescuit la mehod feeder. Cu o arom\u0103 de c\u00eenep\u0103 si culoate galben\u0103. Pestii \u021bint\u0103 crap, caras, amur, platica, babu\u0219c\u0103, moruna\u0219, scobar etc. Pescuit \u00een lacuri \u0219i r\u00eeuri.<\/p>\n","protected":false},"excerpt":{"rendered":"<p>Este o nada pe baza de proteina vegetala destinata pentru pescuit la mehod feeder. Cu o arom\u0103 de c\u00eenep\u0103 si culoate galben\u0103. Pestii \u021bint\u0103 crap, caras, amur, platica, babu\u0219c\u0103, moruna\u0219, scobar etc. Pescuit \u00een lacuri \u0219i r\u00eeuri.<\/p>\n","protected":false},"featured_media":700,"template":"","meta":[],"product_cat":[88,80,38],"product_tag":[],"_links":{"self":[{"href":"https:\/\/feeder.md\/ru\/wp-json\/wp\/v2\/product\/699"}],"collection":[{"href":"https:\/\/feeder.md\/ru\/wp-json\/wp\/v2\/product"}],"about":[{"href":"https:\/\/feeder.md\/ru\/wp-json\/wp\/v2\/types\/product"}],"wp:featuredmedia":[{"embeddable":true,"href":"https:\/\/feeder.md\/ru\/wp-json\/wp\/v2\/media\/700"}],"wp:attachment":[{"href":"https:\/\/feeder.md\/ru\/wp-json\/wp\/v2\/media?parent=699"}],"wp:term":[{"taxonomy":"product_cat","embeddable":true,"href":"https:\/\/feeder.md\/ru\/wp-json\/wp\/v2\/product_cat?post=699"},{"taxonomy":"product_tag","embeddable":true,"href":"https:\/\/feeder.md\/ru\/wp-json\/wp\/v2\/product_tag?post=699"}],"curies":[{"name":"wp","href":"https:\/\/api.w.org\/{rel}","templated":true}]}}